{"id":1513,"date":"2023-08-23T22:33:03","date_gmt":"2023-08-23T22:33:03","guid":{"rendered":"https:\/\/civici.com.tr\/?page_id=1513"},"modified":"2023-08-23T22:33:03","modified_gmt":"2023-08-23T22:33:03","slug":"hakkimizda","status":"publish","type":"page","link":"https:\/\/civici.com.tr\/index.php\/hakkimizda\/","title":{"rendered":"Hakk\u0131m\u0131zda"},"content":{"rendered":"\n<p>DEM\u0130R TEL ve \u00c7\u0130V\u0130 HAKKINDA<br>1961 y\u0131l\u0131nda Bayrampa\u015fa\u2019da temelleri at\u0131lan firmam\u0131z ilk olarak oluklu, bak\u0131rl\u0131, sar\u0131, arap \u00e7ivileri ile ticari hayat\u0131na at\u0131lm\u0131\u015ft\u0131r. Firmam\u0131z E\u015fref Uzundurukan ve o\u011flu Mustafa Uzundurukan taraf\u0131ndan faaliyetlerine devam etmektedir.<br>T\u00fcrkiyemiz\u2019de mesle\u011fi \u00e7ivicilik olan tek firmad\u0131r. Bizim en \u00f6nemli misyonumuz m\u00fc\u015fteri memnuniyetimizdir. Biz kendimize insanlar\u0131n g\u00fcvenini kaybetmektense para kaybetmeyi tercih ederiz s\u00f6z\u00fcn\u00fc ilke edinmi\u015f bir firmay\u0131z.<\/p>\n\n\n\n<p>T\u00fcrkiye de civi denince akla gelen ilk firmad\u0131r. \u00c7\u00fcnk\u00fc insanlara y\u0131llar i\u00e7erisinde &#8220;Bunu yaparsa Demir \u00c7ivi yapar&#8221; mottosunu imal etti\u011fi \u00fcr\u00fcnlerle bir kez daha kan\u0131tlayan Demir \u00c7ivi, bu \u00fcst\u00fcn kalitesini m\u00fc\u015fteri memnuniyetiyle en \u00fcst seviyeye \u00e7\u0131karm\u0131\u015ft\u0131r .<\/p>\n","protected":false},"excerpt":{"rendered":"<p>DEM\u0130R TEL ve \u00c7\u0130V\u0130 HAKKINDA1961 y\u0131l\u0131nda Bayrampa\u015fa\u2019da temelleri at\u0131lan firmam\u0131z ilk olarak oluklu, bak\u0131rl\u0131, sar\u0131, arap \u00e7ivileri ile ticari hayat\u0131na at\u0131lm\u0131\u015ft\u0131r. Firmam\u0131z E\u015fref Uzundurukan ve o\u011flu Mustafa Uzundurukan taraf\u0131ndan faaliyetlerine devam etmektedir.T\u00fcrkiyemiz\u2019de mesle\u011fi \u00e7ivicilik olan tek firmad\u0131r. Bizim en \u00f6nemli misyonumuz m\u00fc\u015fteri memnuniyetimizdir. Biz kendimize insanlar\u0131n g\u00fcvenini kaybetmektense para kaybetmeyi tercih ederiz s\u00f6z\u00fcn\u00fc ilke edinmi\u015f [&hellip;]<\/p>\n","protected":false},"author":1,"featured_media":0,"parent":0,"menu_order":0,"comment_status":"closed","ping_status":"closed","template":"","meta":{"footnotes":""},"class_list":["post-1513","page","type-page","status-publish","hentry"],"_links":{"self":[{"href":"https:\/\/civici.com.tr\/index.php\/wp-json\/wp\/v2\/pages\/1513","targetHints":{"allow":["GET"]}}],"collection":[{"href":"https:\/\/civici.com.tr\/index.php\/wp-json\/wp\/v2\/pages"}],"about":[{"href":"https:\/\/civici.com.tr\/index.php\/wp-json\/wp\/v2\/types\/page"}],"author":[{"embeddable":true,"href":"https:\/\/civici.com.tr\/index.php\/wp-json\/wp\/v2\/users\/1"}],"replies":[{"embeddable":true,"href":"https:\/\/civici.com.tr\/index.php\/wp-json\/wp\/v2\/comments?post=1513"}],"version-history":[{"count":1,"href":"https:\/\/civici.com.tr\/index.php\/wp-json\/wp\/v2\/pages\/1513\/revisions"}],"predecessor-version":[{"id":1514,"href":"https:\/\/civici.com.tr\/index.php\/wp-json\/wp\/v2\/pages\/1513\/revisions\/1514"}],"wp:attachment":[{"href":"https:\/\/civici.com.tr\/index.php\/wp-json\/wp\/v2\/media?parent=1513"}],"curies":[{"name":"wp","href":"https:\/\/api.w.org\/{rel}","templated":true}]}}